{"id":9943,"date":"2022-09-27T20:23:42","date_gmt":"2022-09-27T20:23:42","guid":{"rendered":"https:\/\/boutique-one-piece.com\/uncategorized\/tableau-one-piece-boa-hancock\/"},"modified":"2024-09-18T01:03:30","modified_gmt":"2024-09-18T01:03:30","slug":"one-piece-boa-hancock-malning","status":"publish","type":"product","link":"https:\/\/boutique-one-piece.com\/sv\/one-piece-dekorationer\/one-piece-malningar\/one-piece-boa-hancock-malning\/","title":{"rendered":"One Piece Boa Hancock-m\u00e5lning"},"content":{"rendered":"<h2>Tableau One Piece 5 Panneaux avec L\u2019imp\u00e9ratrice Pirate Boa Hancock la Grande Corsaire,\u00a0Un Tableau de\u00a0qualit\u00e9 pour un pirate comme\u00a0toi\u00a0!<\/h2>\n<p>Om du \u00e4r en\u00a0<strong>riktig pirat<\/strong>, Du kommer att veta<span>\u00a0<\/span>uppskatta<span>\u00a0<\/span>det\u00a0<strong>kvalitet<\/strong>\u00a0duk, f\u00e4rg och en ram f\u00f6r deras\u00a0<strong>designer\u00a0<\/strong>Och\u00a0<strong>l\u2019impression 3D Canvas<\/strong>\u00a0av detta\u00a0<strong>One Piece 5-panelsm\u00e5lning<\/strong>\u00a0Men det viktigaste med den h\u00e4r m\u00e5lningen \u00e4r att<span>\u00a0<\/span>du kommer att vara en del av\u00a0<strong>l\u2019\u00e9quipage\u00a0des fans<\/strong>\u00a0av\u00a0<strong>piratmanga<\/strong>\u00a0och du kommer att f\u00e5:<\/p>\n<ul>\n<li>\u00a0<strong>L\u2019admiration<\/strong>\u00a0av alla fans av\u00a0<strong>mugiwara<\/strong>\u00a0som du kommer att bjuda hem till dig<\/li>\n<\/ul>\n<ul>\n<li>En riktig\u00a0<strong>5-delat tryckt diagram<\/strong>\u00a0med vilket du kan<strong>\u00a0t\u2019imaginer\u00a0<\/strong>med\u00a0<strong><\/strong><strong><\/strong>det <strong>Ormprinsessan<\/strong>\n<\/li>\n<\/ul>\n<p>S\u00e5, redo att visa upp\u00a0<strong>f\u00e4rger<span>\u00a0<\/span><\/strong>d\u2019<strong>Amazonaslilja<\/strong><b>\u00a0<\/b>?<\/p>\n<h2>Es-tu un fan du manga ou de l\u2019anim\u00e9 One Piece ? Montre le avec ce Tableau 5 Pi\u00e8ces One Piece !<\/h2>\n<p>Om du\u00a0<strong>l\u00e4sa<\/strong>\u00a0eller vart du \u00e4n tittar\u00a0<strong>l\u2019anim\u00e9\u00a0<\/strong><strong>japanska<\/strong>, Det finns en god chans att du har blivit\u00a0<strong>galen i One Piece<\/strong>\u00a0Med detta!\u00a0<strong>5-panelm\u00e5lning<span>\u00a0<\/span>Vitsk\u00e4gg<\/strong>, rejoins\u00a0l\u2019<strong>en grupp fans av franchisen<\/strong><\/p>\n<p>Detta\u00a0<strong>m\u00e5lning<\/strong>\u00a0\u00e4r tillg\u00e4nglig med en\u00a0<strong>tr\u00e4ram<\/strong>\u00a0varianten &quot;\u00ab\u00a0<strong>Med ram<\/strong>\u00ab\u00a0, il est \u00e9galement possible d\u2019avoir uniquement la\u00a0<strong>trasa<\/strong>\u00a0med varianten &quot;\u00ab\u00a0<strong>Raml\u00f6s<\/strong>\u00ab&quot;Du hittar bordet i storlekarna&quot;\u00a0<strong>Liten<\/strong>,<strong>\u00a0GENOMSNITT<\/strong>,<strong>\u00a0Stor<\/strong>,<strong>\u00a0XL<\/strong>, il conviendra \u00e0 toutes les\u00a0cat\u00e9gories\u00a0de pirates, m\u00eame si tu n\u2019as pas\u00a0<strong>d\u2019\u00e9p\u00e9e<\/strong>\u00a0eller\u00a0<strong>dj\u00e4vulens frukt<\/strong>\u00a0tu peux quand m\u00eame l\u2019accrocher fi\u00e8rement chez toi<\/p>\n<p><strong>Brook Le<\/strong><span>\u00a0<\/span><strong>Nynna<\/strong><span>\u00a0<\/span>eller den<span>\u00a0<\/span><strong>Kung<\/strong><span>\u00a0<\/span>av<span>\u00a0<\/span><strong>Berusad<\/strong>\u00a0(\u00a0<strong>Sj\u00e4lskungen)<\/strong>\u00a0Han har<span>\u00a0<\/span><strong>Uppst\u00e5ndelsens frukt<\/strong>, vilket g\u00f6r det n\u00e4stan<span>\u00a0<\/span><strong>od\u00f6dlig<\/strong>. Trots hans tillst\u00e5nd<span>\u00a0<\/span><strong>skelett<\/strong>\u00a0<span>\u00a0<\/span><strong>od\u00f6da<\/strong>,<span>\u00a0<\/span><strong>Brook<\/strong><span>\u00a0<\/span>\u00e4r den<span>\u00a0<\/span><strong>andre sv\u00e4rdsman<\/strong><span>\u00a0<\/span>av<span>\u00a0<\/span><strong>l\u2019\u00e9quipage de Luffy<\/strong><span>\u00a0<\/span>bakom Zoro<\/p>\n<h2>Information om m\u00e5lningen:<\/h2>\n<ul>\n<li>\n<strong>H\u00f6gkvalitativ tryckt canvas\u00a0<\/strong>v\u00e4ggduk gjord av<span>\u00a0<\/span><strong>bomull<\/strong><span>\u00a0<\/span>och<span>\u00a0<\/span><strong>linne<\/strong>, f\u00f6r att erh\u00e5lla en<span>\u00a0<\/span><strong>trasa<\/strong><span>\u00a0<\/span>v\u00e4rdig namnet<\/li>\n<\/ul>\n<ul>\n<li>\n<strong>Ultra Design-m\u00e5lning<\/strong>\u00a0Den femdelade tabellen ger mycket<span>\u00a0<\/span><strong>stil<\/strong><span>\u00a0<\/span>till en<span>\u00a0<\/span><strong>bit<\/strong>, les fans ne peuvent qu\u2019adorer<\/li>\n<\/ul>\n<ul>\n<li>\n<strong>F\u00e4rg och utskrift\u00a0<\/strong>One Piece-m\u00e5lning med ett tryck<span>\u00a0<\/span><strong>Canva<\/strong><span>\u00a0<\/span>la r\u00e9f\u00e9rence dans l\u2019impression de toiles<\/li>\n<\/ul>\n<ul>\n<li>\n<strong>L\u00e4tt v\u00e4ggkonst<\/strong>\u00a0: fantastisk milj\u00f6<span>\u00a0<\/span><strong>ljus,<\/strong><span>\u00a0<\/span>il ne suffit que d\u2019un<span>\u00a0<\/span><strong>spika<\/strong><span>\u00a0<\/span>eller av<span>\u00a0<\/span><strong>fast ben<\/strong><span>\u00a0<\/span>f\u00f6r<span>\u00a0<\/span><strong>uppr\u00e4tth\u00e5lla<\/strong><span>\u00a0<\/span>P\u00e5<span>\u00a0<\/span><strong>v\u00e4gg<\/strong>\n<\/li>\n<\/ul>\n<ul>\n<li>\n<strong>Tr\u00e4ram<\/strong>\u00a0: varianten &quot;\u00ab\u00a0<strong>Med ram<\/strong>\u00a0\u00bb est accompagn\u00e9e d\u2019un<span>\u00a0<\/span><strong>tr\u00e4ram<\/strong><span>\u00a0<\/span>och versionen &quot;\u00ab\u00a0<strong>Raml\u00f6s<\/strong>\u00a0\u00bb levereras<span>\u00a0<\/span><strong>utan tr\u00e4ramen<\/strong>\n<\/li>\n<\/ul>\n<ul>\n<li>\n<strong>Fri leverans\u00a0<\/strong>f\u00f6r alla k\u00f6p<strong>\u00a0<\/strong>\n<\/li>\n<\/ul>\n<h3>N\u2019oubliez pas de jeter\u00a0un oeil au guide des tailles ci-dessous.<\/h3>\n<h2>\n<strong>One Piece 5-delad m\u00e5lning<\/strong><span>,<\/span><strong><span>\u00a0<\/span><\/strong><span>Storlek<\/span><strong><span>\u00a0<\/span><\/strong><span>:\u00a0<\/span><strong>Liten<\/strong><br \/>\n<\/h2>\n<p>\u00a0<img decoding=\"async\" src=\"https:\/\/cdn.shopify.com\/s\/files\/1\/0087\/7556\/5348\/files\/guide_taille_tableau_one_piece_petit_boutique_one_piece_large.jpg?v=1560247451\" alt=\"Storleksguide f\u00f6r 5-delad One Piece (Liten)\"><\/p>\n<p><strong>One Piece 5-delad m\u00e5lning<\/strong>, Storlek<strong><span>\u00a0<\/span><\/strong>:<strong><span>\u00a0<\/span>GENOMSNITT<\/strong><\/p>\n<p>\u00a0<img decoding=\"async\" src=\"https:\/\/cdn.shopify.com\/s\/files\/1\/0087\/7556\/5348\/files\/guide_taille_tableau_one_piece_moyen_boutique_one_piece_large.jpg?v=1560247519\" alt=\"Storlekstabell ett stycke 5 stycken Medium\"><\/p>\n<p><strong>One Piece 5-delad m\u00e5lning<\/strong>, Storlek<strong><span>\u00a0<\/span><\/strong>:<span>\u00a0<\/span><strong>Stor<\/strong><\/p>\n<p>\u00a0<img decoding=\"async\" src=\"https:\/\/cdn.shopify.com\/s\/files\/1\/0087\/7556\/5348\/files\/guide_taille_tableau_one_piece_grand_boutique_one_piece_large.jpg?v=1560247582\" alt=\"Storlekstabell f\u00f6r One Piece 5-delade plagg (stor)\"><\/p>\n<p><strong>One Piece 5-delad m\u00e5lning<\/strong>, Storlek:<span>\u00a0<\/span><strong>XL<\/strong><\/p>\n<p><img decoding=\"async\" src=\"https:\/\/cdn.shopify.com\/s\/files\/1\/0087\/7556\/5348\/files\/guide_taille_tableau_one_piece_xl_boutique_one_piece_large.jpg?v=1560247610\" alt=\"Storlekstabell f\u00f6r One Piece 5-delad XL\"><\/p>","protected":false},"excerpt":{"rendered":"<p>Tableau One Piece 5 Panneaux avec L\u2019imp\u00e9ratrice Pirate Boa Hancock la Grande Corsaire,\u00a0Un Tableau de\u00a0qualit\u00e9 pour un pirate comme\u00a0toi\u00a0! Si tu es un\u00a0v\u00e9ritable pirate, tu sauras\u00a0appr\u00e9cier\u00a0la\u00a0qualit\u00e9\u00a0de la toile, de la peinture et du cadre\u00a0pour leurs\u00a0conceptions\u00a0et\u00a0l\u2019impression 3D Canvas\u00a0de ce\u00a0tableau 5 panneaux\u00a0One Piece\u00a0!\u00a0Mais le plus important, avec ce\u00a0tableau\u00a0c\u0092est que\u00a0tu\u00a0feras partie de\u00a0l\u2019\u00e9quipage\u00a0des fans\u00a0du\u00a0manga de pirates\u00a0et tu obtiendras\u00a0: \u00a0L\u2019admiration\u00a0de [&hellip;]<\/p>","protected":false},"featured_media":9945,"comment_status":"open","ping_status":"open","template":"","meta":[],"product_brand":[],"product_cat":[141],"product_tag":[175,142,143],"class_list":{"0":"post-9943","1":"product","2":"type-product","3":"status-publish","4":"has-post-thumbnail","6":"product_cat-tableaux-one-piece","7":"product_tag-boa-hancock","8":"product_tag-tableau-5-pieces","9":"product_tag-toile","11":"first","12":"instock","13":"purchasable","14":"product-type-variable"},"yoast_head":"<!-- This site is optimized with the Yoast SEO plugin v27.5 - https:\/\/yoast.com\/product\/yoast-seo-wordpress\/ -->\n<title>Tableau One Piece Boa Hancock | Boutique One Piece<\/title>\n<meta name=\"description\" content=\"Tableau 5 Pi\u00e8ces One Piece L&#039;Imp\u00e9ratrice Pirate ou Princesse Serpent, Si Vous \u00cates un Fan de l&#039;Univers des Pirates ce Tableau 5 Panneaux est Fait Pour Vous !\" \/>\n<meta name=\"robots\" content=\"index, follow, max-snippet:-1, max-image-preview:large, max-video-preview:-1\" \/>\n<link rel=\"canonical\" href=\"https:\/\/boutique-one-piece.com\/sv\/one-piece-dekorationer\/one-piece-malningar\/one-piece-boa-hancock-malning\/\" \/>\n<meta property=\"og:locale\" content=\"sv_SE\" \/>\n<meta property=\"og:type\" content=\"article\" \/>\n<meta property=\"og:title\" content=\"Tableau One Piece Boa Hancock | Boutique One Piece\" \/>\n<meta property=\"og:description\" content=\"Tableau 5 Pi\u00e8ces One Piece L&#039;Imp\u00e9ratrice Pirate ou Princesse Serpent, Si Vous \u00cates un Fan de l&#039;Univers des Pirates ce Tableau 5 Panneaux est Fait Pour Vous !\" \/>\n<meta property=\"og:url\" content=\"https:\/\/boutique-one-piece.com\/sv\/one-piece-dekorationer\/one-piece-malningar\/one-piece-boa-hancock-malning\/\" \/>\n<meta property=\"og:site_name\" content=\"Boutique One Piece\" \/>\n<meta property=\"article:modified_time\" content=\"2024-09-18T01:03:30+00:00\" \/>\n<meta property=\"og:image\" content=\"https:\/\/boutique-one-piece.com\/wp-content\/uploads\/2022\/09\/Tableau-One-Piece-Boa-Hancock.jpg\" \/>\n\t<meta property=\"og:image:width\" content=\"1000\" \/>\n\t<meta property=\"og:image:height\" content=\"1000\" \/>\n\t<meta property=\"og:image:type\" content=\"image\/jpeg\" \/>\n<meta name=\"twitter:card\" content=\"summary_large_image\" \/>\n<meta name=\"twitter:label1\" content=\"Ber\u00e4knad l\u00e4stid\" \/>\n\t<meta name=\"twitter:data1\" content=\"4 minuter\" \/>\n<script type=\"application\/ld+json\" class=\"yoast-schema-graph\">{\"@context\":\"https:\\\/\\\/schema.org\",\"@graph\":[{\"@type\":\"WebPage\",\"@id\":\"https:\\\/\\\/boutique-one-piece.com\\\/decorations-one-piece\\\/tableaux-one-piece\\\/tableau-one-piece-boa-hancock\\\/\",\"url\":\"https:\\\/\\\/boutique-one-piece.com\\\/decorations-one-piece\\\/tableaux-one-piece\\\/tableau-one-piece-boa-hancock\\\/\",\"name\":\"Tableau One Piece Boa Hancock | Boutique One Piece\",\"isPartOf\":{\"@id\":\"https:\\\/\\\/boutique-one-piece.com\\\/#website\"},\"primaryImageOfPage\":{\"@id\":\"https:\\\/\\\/boutique-one-piece.com\\\/decorations-one-piece\\\/tableaux-one-piece\\\/tableau-one-piece-boa-hancock\\\/#primaryimage\"},\"image\":{\"@id\":\"https:\\\/\\\/boutique-one-piece.com\\\/decorations-one-piece\\\/tableaux-one-piece\\\/tableau-one-piece-boa-hancock\\\/#primaryimage\"},\"thumbnailUrl\":\"https:\\\/\\\/boutique-one-piece.com\\\/wp-content\\\/uploads\\\/2022\\\/09\\\/Tableau-One-Piece-Boa-Hancock.jpg\",\"datePublished\":\"2022-09-27T20:23:42+00:00\",\"dateModified\":\"2024-09-18T01:03:30+00:00\",\"description\":\"Tableau 5 Pi\u00e8ces One Piece L'Imp\u00e9ratrice Pirate ou Princesse Serpent, Si Vous \u00cates un Fan de l'Univers des Pirates ce Tableau 5 Panneaux est Fait Pour Vous !\",\"breadcrumb\":{\"@id\":\"https:\\\/\\\/boutique-one-piece.com\\\/decorations-one-piece\\\/tableaux-one-piece\\\/tableau-one-piece-boa-hancock\\\/#breadcrumb\"},\"inLanguage\":\"sv-SE\",\"potentialAction\":[{\"@type\":\"ReadAction\",\"target\":[\"https:\\\/\\\/boutique-one-piece.com\\\/decorations-one-piece\\\/tableaux-one-piece\\\/tableau-one-piece-boa-hancock\\\/\"]}]},{\"@type\":\"ImageObject\",\"inLanguage\":\"sv-SE\",\"@id\":\"https:\\\/\\\/boutique-one-piece.com\\\/decorations-one-piece\\\/tableaux-one-piece\\\/tableau-one-piece-boa-hancock\\\/#primaryimage\",\"url\":\"https:\\\/\\\/boutique-one-piece.com\\\/wp-content\\\/uploads\\\/2022\\\/09\\\/Tableau-One-Piece-Boa-Hancock.jpg\",\"contentUrl\":\"https:\\\/\\\/boutique-one-piece.com\\\/wp-content\\\/uploads\\\/2022\\\/09\\\/Tableau-One-Piece-Boa-Hancock.jpg\",\"width\":1000,\"height\":1000,\"caption\":\"Tableau One Piece Boa Hancock XL Avec Cadre\"},{\"@type\":\"BreadcrumbList\",\"@id\":\"https:\\\/\\\/boutique-one-piece.com\\\/decorations-one-piece\\\/tableaux-one-piece\\\/tableau-one-piece-boa-hancock\\\/#breadcrumb\",\"itemListElement\":[{\"@type\":\"ListItem\",\"position\":1,\"name\":\"Home\",\"item\":\"https:\\\/\\\/boutique-one-piece.com\\\/\"},{\"@type\":\"ListItem\",\"position\":2,\"name\":\"Shop\",\"item\":\"https:\\\/\\\/boutique-one-piece.com\\\/shop\\\/\"},{\"@type\":\"ListItem\",\"position\":3,\"name\":\"Tableau One Piece Boa Hancock\"}]},{\"@type\":\"WebSite\",\"@id\":\"https:\\\/\\\/boutique-one-piece.com\\\/#website\",\"url\":\"https:\\\/\\\/boutique-one-piece.com\\\/\",\"name\":\"Boutique One Piece\",\"description\":\"Magasin Sp\u00e9cialis\u00e9 du Manga et l&#039;Anime One Piece\",\"publisher\":{\"@id\":\"https:\\\/\\\/boutique-one-piece.com\\\/#organization\"},\"potentialAction\":[{\"@type\":\"SearchAction\",\"target\":{\"@type\":\"EntryPoint\",\"urlTemplate\":\"https:\\\/\\\/boutique-one-piece.com\\\/?s={search_term_string}\"},\"query-input\":{\"@type\":\"PropertyValueSpecification\",\"valueRequired\":true,\"valueName\":\"search_term_string\"}}],\"inLanguage\":\"sv-SE\"},{\"@type\":\"Organization\",\"@id\":\"https:\\\/\\\/boutique-one-piece.com\\\/#organization\",\"name\":\"Boutique One Piece\",\"url\":\"https:\\\/\\\/boutique-one-piece.com\\\/\",\"logo\":{\"@type\":\"ImageObject\",\"inLanguage\":\"sv-SE\",\"@id\":\"https:\\\/\\\/boutique-one-piece.com\\\/#\\\/schema\\\/logo\\\/image\\\/\",\"url\":\"https:\\\/\\\/boutique-one-piece.com\\\/wp-content\\\/uploads\\\/2022\\\/09\\\/Logo-01.png\",\"contentUrl\":\"https:\\\/\\\/boutique-one-piece.com\\\/wp-content\\\/uploads\\\/2022\\\/09\\\/Logo-01.png\",\"width\":2318,\"height\":957,\"caption\":\"Boutique One Piece\"},\"image\":{\"@id\":\"https:\\\/\\\/boutique-one-piece.com\\\/#\\\/schema\\\/logo\\\/image\\\/\"}}]}<\/script>\n<!-- \/ Yoast SEO plugin. -->","yoast_head_json":{"title":"One Piece Boa Hancock-m\u00e5lning | One Piece-butik","description":"One Piece 5-delad canvastavla: Piratkejsarinnan eller ormprinsessan. Om du \u00e4r ett fan av piratuniversumet \u00e4r denna 5-delade canvastavla n\u00e5got f\u00f6r dig!","robots":{"index":"index","follow":"follow","max-snippet":"max-snippet:-1","max-image-preview":"max-image-preview:large","max-video-preview":"max-video-preview:-1"},"canonical":"https:\/\/boutique-one-piece.com\/sv\/one-piece-dekorationer\/one-piece-malningar\/one-piece-boa-hancock-malning\/","og_locale":"sv_SE","og_type":"article","og_title":"Tableau One Piece Boa Hancock | Boutique One Piece","og_description":"Tableau 5 Pi\u00e8ces One Piece L'Imp\u00e9ratrice Pirate ou Princesse Serpent, Si Vous \u00cates un Fan de l'Univers des Pirates ce Tableau 5 Panneaux est Fait Pour Vous !","og_url":"https:\/\/boutique-one-piece.com\/sv\/one-piece-dekorationer\/one-piece-malningar\/one-piece-boa-hancock-malning\/","og_site_name":"Boutique One Piece","article_modified_time":"2024-09-18T01:03:30+00:00","og_image":[{"width":1000,"height":1000,"url":"https:\/\/boutique-one-piece.com\/wp-content\/uploads\/2022\/09\/Tableau-One-Piece-Boa-Hancock.jpg","type":"image\/jpeg"}],"twitter_card":"summary_large_image","twitter_misc":{"Ber\u00e4knad l\u00e4stid":"4 minuter"},"schema":{"@context":"https:\/\/schema.org","@graph":[{"@type":"WebPage","@id":"https:\/\/boutique-one-piece.com\/decorations-one-piece\/tableaux-one-piece\/tableau-one-piece-boa-hancock\/","url":"https:\/\/boutique-one-piece.com\/decorations-one-piece\/tableaux-one-piece\/tableau-one-piece-boa-hancock\/","name":"One Piece Boa Hancock-m\u00e5lning | One Piece-butik","isPartOf":{"@id":"https:\/\/boutique-one-piece.com\/#website"},"primaryImageOfPage":{"@id":"https:\/\/boutique-one-piece.com\/decorations-one-piece\/tableaux-one-piece\/tableau-one-piece-boa-hancock\/#primaryimage"},"image":{"@id":"https:\/\/boutique-one-piece.com\/decorations-one-piece\/tableaux-one-piece\/tableau-one-piece-boa-hancock\/#primaryimage"},"thumbnailUrl":"https:\/\/boutique-one-piece.com\/wp-content\/uploads\/2022\/09\/Tableau-One-Piece-Boa-Hancock.jpg","datePublished":"2022-09-27T20:23:42+00:00","dateModified":"2024-09-18T01:03:30+00:00","description":"One Piece 5-delad canvastavla: Piratkejsarinnan eller ormprinsessan. Om du \u00e4r ett fan av piratuniversumet \u00e4r denna 5-delade canvastavla n\u00e5got f\u00f6r dig!","breadcrumb":{"@id":"https:\/\/boutique-one-piece.com\/decorations-one-piece\/tableaux-one-piece\/tableau-one-piece-boa-hancock\/#breadcrumb"},"inLanguage":"sv-SE","potentialAction":[{"@type":"ReadAction","target":["https:\/\/boutique-one-piece.com\/decorations-one-piece\/tableaux-one-piece\/tableau-one-piece-boa-hancock\/"]}]},{"@type":"ImageObject","inLanguage":"sv-SE","@id":"https:\/\/boutique-one-piece.com\/decorations-one-piece\/tableaux-one-piece\/tableau-one-piece-boa-hancock\/#primaryimage","url":"https:\/\/boutique-one-piece.com\/wp-content\/uploads\/2022\/09\/Tableau-One-Piece-Boa-Hancock.jpg","contentUrl":"https:\/\/boutique-one-piece.com\/wp-content\/uploads\/2022\/09\/Tableau-One-Piece-Boa-Hancock.jpg","width":1000,"height":1000,"caption":"Tableau One Piece Boa Hancock XL Avec Cadre"},{"@type":"BreadcrumbList","@id":"https:\/\/boutique-one-piece.com\/decorations-one-piece\/tableaux-one-piece\/tableau-one-piece-boa-hancock\/#breadcrumb","itemListElement":[{"@type":"ListItem","position":1,"name":"Home","item":"https:\/\/boutique-one-piece.com\/"},{"@type":"ListItem","position":2,"name":"Shop","item":"https:\/\/boutique-one-piece.com\/shop\/"},{"@type":"ListItem","position":3,"name":"Tableau One Piece Boa Hancock"}]},{"@type":"WebSite","@id":"https:\/\/boutique-one-piece.com\/#website","url":"https:\/\/boutique-one-piece.com\/","name":"One Piece-butik","description":"Specialbutik f\u00f6r One Piece Manga och Anime","publisher":{"@id":"https:\/\/boutique-one-piece.com\/#organization"},"potentialAction":[{"@type":"SearchAction","target":{"@type":"EntryPoint","urlTemplate":"https:\/\/boutique-one-piece.com\/?s={search_term_string}"},"query-input":{"@type":"PropertyValueSpecification","valueRequired":true,"valueName":"search_term_string"}}],"inLanguage":"sv-SE"},{"@type":"Organization","@id":"https:\/\/boutique-one-piece.com\/#organization","name":"One Piece-butik","url":"https:\/\/boutique-one-piece.com\/","logo":{"@type":"ImageObject","inLanguage":"sv-SE","@id":"https:\/\/boutique-one-piece.com\/#\/schema\/logo\/image\/","url":"https:\/\/boutique-one-piece.com\/wp-content\/uploads\/2022\/09\/Logo-01.png","contentUrl":"https:\/\/boutique-one-piece.com\/wp-content\/uploads\/2022\/09\/Logo-01.png","width":2318,"height":957,"caption":"Boutique One Piece"},"image":{"@id":"https:\/\/boutique-one-piece.com\/#\/schema\/logo\/image\/"}}]}},"_links":{"self":[{"href":"https:\/\/boutique-one-piece.com\/sv\/wp-json\/wp\/v2\/product\/9943","targetHints":{"allow":["GET"]}}],"collection":[{"href":"https:\/\/boutique-one-piece.com\/sv\/wp-json\/wp\/v2\/product"}],"about":[{"href":"https:\/\/boutique-one-piece.com\/sv\/wp-json\/wp\/v2\/types\/product"}],"replies":[{"embeddable":true,"href":"https:\/\/boutique-one-piece.com\/sv\/wp-json\/wp\/v2\/comments?post=9943"}],"wp:featuredmedia":[{"embeddable":true,"href":"https:\/\/boutique-one-piece.com\/sv\/wp-json\/wp\/v2\/media\/9945"}],"wp:attachment":[{"href":"https:\/\/boutique-one-piece.com\/sv\/wp-json\/wp\/v2\/media?parent=9943"}],"wp:term":[{"taxonomy":"product_brand","embeddable":true,"href":"https:\/\/boutique-one-piece.com\/sv\/wp-json\/wp\/v2\/product_brand?post=9943"},{"taxonomy":"product_cat","embeddable":true,"href":"https:\/\/boutique-one-piece.com\/sv\/wp-json\/wp\/v2\/product_cat?post=9943"},{"taxonomy":"product_tag","embeddable":true,"href":"https:\/\/boutique-one-piece.com\/sv\/wp-json\/wp\/v2\/product_tag?post=9943"}],"curies":[{"name":"wp","href":"https:\/\/api.w.org\/{rel}","templated":true}]}}